{"id":403,"date":"2025-07-31T05:59:51","date_gmt":"2025-07-31T05:59:51","guid":{"rendered":"http:\/\/providesupport.pl\/?page_id=403"},"modified":"2025-08-05T06:41:13","modified_gmt":"2025-08-05T06:41:13","slug":"uslugi-ksiegowe","status":"publish","type":"page","link":"https:\/\/providesupport.pl\/?page_id=403","title":{"rendered":"Us\u0142ugi ksi\u0119gowe"},"content":{"rendered":"\t\t<div data-elementor-type=\"wp-page\" data-elementor-id=\"403\" class=\"elementor elementor-403\">\n\t\t\t\t\t\t<div class=\"elementor-inner\">\n\t\t\t\t<div class=\"elementor-section-wrap\">\n\t\t\t\t\t\t\t\t\t<section class=\"elementor-section elementor-top-section elementor-element elementor-element-899f7f6 elementor-section-boxed elementor-section-height-default elementor-section-height-default\" data-id=\"899f7f6\" data-element_type=\"section\">\n\t\t\t\t\t\t<div class=\"elementor-container elementor-column-gap-default\">\n\t\t\t\t\t\t\t<div class=\"elementor-row\">\n\t\t\t\t\t<div class=\"elementor-column elementor-col-100 elementor-top-column elementor-element elementor-element-2322abd\" data-id=\"2322abd\" data-element_type=\"column\">\n\t\t\t<div class=\"elementor-column-wrap elementor-element-populated\">\n\t\t\t\t\t\t\t<div class=\"elementor-widget-wrap\">\n\t\t\t\t\t\t<div class=\"elementor-element elementor-element-3c79d11 elementor-widget elementor-widget-heading\" data-id=\"3c79d11\" data-element_type=\"widget\" data-widget_type=\"heading.default\">\n\t\t\t\t<div class=\"elementor-widget-container\">\n\t\t\t<h4 class=\"elementor-heading-title elementor-size-default\">Kompleksowa obs\u0142uga ksi\u0119gowa<\/h4>\t\t<\/div>\n\t\t\t\t<\/div>\n\t\t\t\t<div class=\"elementor-element elementor-element-770b25e elementor-widget elementor-widget-text-editor\" data-id=\"770b25e\" data-element_type=\"widget\" data-widget_type=\"text-editor.default\">\n\t\t\t\t<div class=\"elementor-widget-container\">\n\t\t\t\t\t\t\t\t<div class=\"elementor-text-editor elementor-clearfix\">\n\t\t\t\t<p><span style=\"caret-color: #000000; color: #000000; font-size: medium;\">Prowadzenie w\u0142asnego biznesu wymaga nie tylko dobrego pomys\u0142u, ale i pewno\u015bci, \u017ce finanse firmy s\u0105 w dobrych r\u0119kach. Nasze biuro oferuje pe\u0142ne wsparcie ksi\u0119gowe, controllingowe jak i kadrowe dopasowane do potrzeb Twojego przedsi\u0119biorstwa.<\/span><\/p>\n<p><span style=\"color: #000000; font-size: medium; caret-color: #000000;\">Ksi\u0119gi rachunkowe prowadzimy zgodnie z polskimi standardami sprawozdawczo\u015bci (UoR\/KSR) jak i mi\u0119dzynarodowymi (MSSF\/MSR).&nbsp;<\/span><\/p>\n<p><span style=\"caret-color: #000000; color: #000000; font-size: medium;\">Oferujemy kompleksowe us\u0142ugi ksi\u0119gowe wraz z controllingiem koszt\u00f3w i planowaniem operacyjnym oraz strategicznym.<\/span><\/p>\n<p><span style=\"color: #000000; font-size: medium;\"><span style=\"caret-color: #000000;\">Sporz\u0105dzamy oraz pomagamy w przygotowaniu sprawozda\u0144 finansowych jednostkowych oraz skonsolidowanych kontynuuj\u0105cych dzia\u0142alno\u015b\u0107.&nbsp;<\/span><\/span><\/p>\n<p><span style=\"color: #000000; font-size: medium;\"><span style=\"caret-color: #000000;\">Kompleksowo pomagamy w zamkni\u0119ciu Sp\u00f3\u0142ki sprawozdawczo jak i prawnie wraz z powi\u0105zan\u0105 kancelari\u0105 &#8222;Prawne Finanse&#8221; PSA.<\/span><\/span><\/p>\n<p><span style=\"color: #000000; font-size: medium;\"><span style=\"caret-color: #000000;\">Sp\u00f3\u0142ki w trakcie restrukturyzacji lub upad\u0142o\u015bci borykaj\u0105ce si\u0119 z problemem znalezienia odpowiedniego biura rachunkowego &#8211; serdecznie zapraszamy. &#8222;Wyprowadzimy&#8221; ksi\u0119gi, sprawdzimy oraz poprawimy ewentualne b\u0142\u0119dy oraz poprowadzimy dalej aby rzetelnie przedstawia\u0107 sytuacj\u0119 finansow\u0105 i maj\u0105tkow\u0105.<\/span><\/span><\/p><p><span style=\"color: rgb(0, 0, 0); font-size: medium; caret-color: rgb(0, 0, 0);\">Niezale\u017cnie czy Sp\u00f3\u0142ka kontynuuje dzia\u0142alno\u015b\u0107 czy zamierza zlikwidowa\u0107 &#8211; zapraszamy do kontaktu.&nbsp;<\/span><span style=\"color: #000000; font-size: medium;\"><span style=\"caret-color: #000000;\"><\/span><\/span><\/p>\t\t\t\t\t<\/div>\n\t\t\t\t\t\t<\/div>\n\t\t\t\t<\/div>\n\t\t\t\t\t\t<\/div>\n\t\t\t\t\t<\/div>\n\t\t<\/div>\n\t\t\t\t\t\t\t\t<\/div>\n\t\t\t\t\t<\/div>\n\t\t<\/section>\n\t\t\t\t<section class=\"elementor-section elementor-top-section elementor-element elementor-element-088bd47 elementor-section-boxed elementor-section-height-default elementor-section-height-default\" data-id=\"088bd47\" data-element_type=\"section\" data-settings=\"{&quot;background_background&quot;:&quot;classic&quot;}\">\n\t\t\t\t\t\t<div class=\"elementor-container elementor-column-gap-default\">\n\t\t\t\t\t\t\t<div class=\"elementor-row\">\n\t\t\t\t\t<div class=\"elementor-column elementor-col-100 elementor-top-column elementor-element elementor-element-36bba6e\" data-id=\"36bba6e\" data-element_type=\"column\">\n\t\t\t<div class=\"elementor-column-wrap elementor-element-populated\">\n\t\t\t\t\t\t\t<div class=\"elementor-widget-wrap\">\n\t\t\t\t\t\t<div class=\"elementor-element elementor-element-25a31f2 elementor-widget elementor-widget-text-editor\" data-id=\"25a31f2\" data-element_type=\"widget\" data-widget_type=\"text-editor.default\">\n\t\t\t\t<div class=\"elementor-widget-container\">\n\t\t\t\t\t\t\t\t<div class=\"elementor-text-editor elementor-clearfix\">\n\t\t\t\t<h3 style=\"letter-spacing: normal; text-transform: none; caret-color: #000000; color: #000000;\" data-start=\"530\" data-end=\"565\">\u00a0<strong data-start=\"537\" data-end=\"565\">Zakres us\u0142ug ksi\u0119gowych:<\/strong><\/h3><ul style=\"caret-color: #000000; color: #000000;\" data-start=\"566\" data-end=\"980\"><li data-start=\"621\" data-end=\"696\"><p data-start=\"623\" data-end=\"696\"><strong data-start=\"623\" data-end=\"661\">Pe\u0142na ksi\u0119gowo\u015b\u0107 (ksi\u0119gi handlowe)<\/strong>\u00a0\u2013 UoR\/KSR\/MSSF<\/p><\/li><li data-start=\"621\" data-end=\"696\"><p data-start=\"623\" data-end=\"696\"><strong data-start=\"767\" data-end=\"829\">Przygotowanie rocznych jednostkowych jak i skonsolidowanych sprawozda\u0144 finansowych<\/strong><\/p><\/li><li data-start=\"621\" data-end=\"696\"><p data-start=\"623\" data-end=\"696\"><strong data-start=\"767\" data-end=\"829\">Sprawozdawczo\u015b\u0107 w trakcie likwidacji, restrukturyzacji oraz upad\u0142o\u015bci<\/strong><\/p><\/li><li data-start=\"621\" data-end=\"696\"><p data-start=\"623\" data-end=\"696\"><strong data-start=\"767\" data-end=\"829\">Prowadzenie ksi\u0119gowo\u015bci na tzw. &#8222;CIT esto\u0144skim&#8221;<\/strong><\/p><\/li><li data-start=\"697\" data-end=\"726\"><p data-start=\"699\" data-end=\"726\"><strong data-start=\"699\" data-end=\"726\">Kadry i p\u0142ace (prowadzenie dokumentacji pracowniczej, naliczanie wynagrodze\u0144)<\/strong><\/p><\/li><li data-start=\"830\" data-end=\"879\"><p data-start=\"832\" data-end=\"879\"><strong data-start=\"832\" data-end=\"879\">Reprezentacja przed Urz\u0119dem Skarbowym i ZUS<\/strong><\/p><\/li><li data-start=\"880\" data-end=\"926\"><p data-start=\"882\" data-end=\"926\"><strong data-start=\"882\" data-end=\"926\">Bie\u017c\u0105ce doradztwo biznesowe i rachunkowe<\/strong><\/p><\/li><li data-start=\"927\" data-end=\"980\"><p data-start=\"929\" data-end=\"980\"><strong data-start=\"929\" data-end=\"980\">Raporty i analizy finansowe, bud\u017cetowanie operacyjne i strategiczne, cash flow dla potrzeb zarz\u0105dczych<\/strong><\/p><\/li><\/ul>\t\t\t\t\t<\/div>\n\t\t\t\t\t\t<\/div>\n\t\t\t\t<\/div>\n\t\t\t\t\t\t<\/div>\n\t\t\t\t\t<\/div>\n\t\t<\/div>\n\t\t\t\t\t\t\t\t<\/div>\n\t\t\t\t\t<\/div>\n\t\t<\/section>\n\t\t\t\t<section class=\"elementor-section elementor-top-section elementor-element elementor-element-06d4623 elementor-section-boxed elementor-section-height-default elementor-section-height-default\" data-id=\"06d4623\" data-element_type=\"section\">\n\t\t\t\t\t\t<div class=\"elementor-container elementor-column-gap-default\">\n\t\t\t\t\t\t\t<div class=\"elementor-row\">\n\t\t\t\t\t<div class=\"elementor-column elementor-col-100 elementor-top-column elementor-element elementor-element-5211adf\" data-id=\"5211adf\" data-element_type=\"column\">\n\t\t\t<div class=\"elementor-column-wrap elementor-element-populated\">\n\t\t\t\t\t\t\t<div class=\"elementor-widget-wrap\">\n\t\t\t\t\t\t<div class=\"elementor-element elementor-element-5c07bef elementor-widget elementor-widget-text-editor\" data-id=\"5c07bef\" data-element_type=\"widget\" data-widget_type=\"text-editor.default\">\n\t\t\t\t<div class=\"elementor-widget-container\">\n\t\t\t\t\t\t\t\t<div class=\"elementor-text-editor elementor-clearfix\">\n\t\t\t\t\t\t\t\t\t<\/div>\n\t\t\t\t\t\t<\/div>\n\t\t\t\t<\/div>\n\t\t\t\t<section class=\"elementor-section elementor-inner-section elementor-element elementor-element-0ad8fde elementor-section-boxed elementor-section-height-default elementor-section-height-default\" data-id=\"0ad8fde\" data-element_type=\"section\">\n\t\t\t\t\t\t<div class=\"elementor-container elementor-column-gap-default\">\n\t\t\t\t\t\t\t<div class=\"elementor-row\">\n\t\t\t\t\t<div class=\"elementor-column elementor-col-50 elementor-inner-column elementor-element elementor-element-9f1acf7\" data-id=\"9f1acf7\" data-element_type=\"column\">\n\t\t\t<div class=\"elementor-column-wrap elementor-element-populated\">\n\t\t\t\t\t\t\t<div class=\"elementor-widget-wrap\">\n\t\t\t\t\t\t<div class=\"elementor-element elementor-element-cc2afb7 elementor-widget elementor-widget-heading\" data-id=\"cc2afb7\" data-element_type=\"widget\" data-widget_type=\"heading.default\">\n\t\t\t\t<div class=\"elementor-widget-container\">\n\t\t\t<h3 class=\"elementor-heading-title elementor-size-default\">\ud83e\udde9 Dlaczego warto wybra\u0107 Provide Support?<\/h3>\t\t<\/div>\n\t\t\t\t<\/div>\n\t\t\t\t<div class=\"elementor-element elementor-element-5c9697f elementor-widget elementor-widget-text-editor\" data-id=\"5c9697f\" data-element_type=\"widget\" data-widget_type=\"text-editor.default\">\n\t\t\t\t<div class=\"elementor-widget-container\">\n\t\t\t\t\t\t\t\t<div class=\"elementor-text-editor elementor-clearfix\">\n\t\t\t\t<ul>\n<li style=\"caret-color: #000000; color: #000000;\" data-start=\"566\" data-end=\"620\">\n<p data-start=\"568\" data-end=\"620\"><strong data-start=\"568\" data-end=\"620\">Prowadzenie ksi\u0119gowo\u015bci przez wykwalifikowane osoby z do\u015bwiadczeniem<\/strong><\/p><\/li>\n<li style=\"caret-color: #000000; color: #000000;\" data-start=\"697\" data-end=\"726\">\n<p data-start=\"699\" data-end=\"726\"><b>Ksi\u0119gowo\u015b\u0107 dostosowana do potrzeb klienta<\/b><\/p>\n<\/li>\n<li style=\"caret-color: #000000; color: #000000;\" data-start=\"727\" data-end=\"764\">\n<p data-start=\"729\" data-end=\"764\"><b>Do\u015bwiadczenie w przeprowadzaniu likwidacji, restrukturyzacji, upad\u0142o\u015bci &#8211; aspekty ksi\u0119gowe i prawne<\/b><\/p>\n<\/li>\n<li style=\"caret-color: #000000; color: #000000;\" data-start=\"765\" data-end=\"829\">\n<p data-start=\"767\" data-end=\"829\"><strong data-start=\"767\" data-end=\"829\">Profesjonalne przygotowywanie sprawozda\u0144 finansowych na potrzeby statutowe jak i zarz\u0105dcze<\/strong><\/p><\/li>\n<li style=\"caret-color: #000000; color: #000000;\" data-start=\"880\" data-end=\"926\">\n<p data-start=\"882\" data-end=\"926\"><strong data-start=\"882\" data-end=\"926\">Bie\u017c\u0105ce doradztwo biznesowe, rachunkowe, restrukturyzacyjne<\/strong><\/p>\n<\/li>\n<li style=\"caret-color: #000000; color: #000000;\" data-start=\"927\" data-end=\"980\">\n<p data-start=\"929\" data-end=\"980\"><strong data-start=\"929\" data-end=\"980\">Raporty i analizy finansowe na potrzeby zarz\u0105du<\/strong><\/p>\n<\/li>\n<\/ul>\t\t\t\t\t<\/div>\n\t\t\t\t\t\t<\/div>\n\t\t\t\t<\/div>\n\t\t\t\t<div class=\"elementor-element elementor-element-2b96a57 elementor-widget elementor-widget-text-editor\" data-id=\"2b96a57\" data-element_type=\"widget\" data-widget_type=\"text-editor.default\">\n\t\t\t\t<div class=\"elementor-widget-container\">\n\t\t\t\t\t\t\t\t<div class=\"elementor-text-editor elementor-clearfix\">\n\t\t\t\t\t\t\t\t\t<\/div>\n\t\t\t\t\t\t<\/div>\n\t\t\t\t<\/div>\n\t\t\t\t\t\t<\/div>\n\t\t\t\t\t<\/div>\n\t\t<\/div>\n\t\t\t\t<div class=\"elementor-column elementor-col-50 elementor-inner-column elementor-element elementor-element-b01f70e\" data-id=\"b01f70e\" data-element_type=\"column\">\n\t\t\t<div class=\"elementor-column-wrap elementor-element-populated\">\n\t\t\t\t\t\t\t<div class=\"elementor-widget-wrap\">\n\t\t\t\t\t\t<div class=\"elementor-element elementor-element-c7946d3 elementor-widget elementor-widget-heading\" data-id=\"c7946d3\" data-element_type=\"widget\" data-widget_type=\"heading.default\">\n\t\t\t\t<div class=\"elementor-widget-container\">\n\t\t\t<h3 class=\"elementor-heading-title elementor-size-default\">\ud83e\uddfe Dla kogo?<\/h3>\t\t<\/div>\n\t\t\t\t<\/div>\n\t\t\t\t<div class=\"elementor-element elementor-element-4d3df19 elementor-widget elementor-widget-text-editor\" data-id=\"4d3df19\" data-element_type=\"widget\" data-widget_type=\"text-editor.default\">\n\t\t\t\t<div class=\"elementor-widget-container\">\n\t\t\t\t\t\t\t\t<div class=\"elementor-text-editor elementor-clearfix\">\n\t\t\t\t<ul style=\"list-style: var(--liststyle,none);\"><li>Mikroprzedsi\u0119biorcy<\/li><li>Sp\u00f3\u0142ki kapita\u0142owe (Sp. z o.o. \/ SA \/ PSA)<\/li><li>Startupy we wczesnej fazie rozwoju<\/li><li>Fundacje i stowarzyszenia<\/li><li>Sp\u00f3\u0142ki w upad\u0142o\u015bci<\/li><li>Sp\u00f3\u0142ki w restrukturyzacji<\/li><li>Sp\u00f3\u0142ki w likwidacji<\/li><\/ul>\t\t\t\t\t<\/div>\n\t\t\t\t\t\t<\/div>\n\t\t\t\t<\/div>\n\t\t\t\t<div class=\"elementor-element elementor-element-8be7e55 elementor-widget elementor-widget-text-editor\" data-id=\"8be7e55\" data-element_type=\"widget\" data-widget_type=\"text-editor.default\">\n\t\t\t\t<div class=\"elementor-widget-container\">\n\t\t\t\t\t\t\t\t<div class=\"elementor-text-editor elementor-clearfix\">\n\t\t\t\t\t\t\t\t\t<\/div>\n\t\t\t\t\t\t<\/div>\n\t\t\t\t<\/div>\n\t\t\t\t\t\t<\/div>\n\t\t\t\t\t<\/div>\n\t\t<\/div>\n\t\t\t\t\t\t\t\t<\/div>\n\t\t\t\t\t<\/div>\n\t\t<\/section>\n\t\t\t\t\t\t<\/div>\n\t\t\t\t\t<\/div>\n\t\t<\/div>\n\t\t\t\t\t\t\t\t<\/div>\n\t\t\t\t\t<\/div>\n\t\t<\/section>\n\t\t\t\t\t\t\t\t\t<\/div>\n\t\t\t<\/div>\n\t\t\t\t\t<\/div>\n\t\t","protected":false},"excerpt":{"rendered":"<p>Kompleksowa obs\u0142uga ksi\u0119gowa Prowadzenie w\u0142asnego biznesu wymaga nie tylko dobrego pomys\u0142u, ale i pewno\u015bci, \u017ce finanse firmy s\u0105 w dobrych r\u0119kach. Nasze biuro oferuje pe\u0142ne wsparcie ksi\u0119gowe, controllingowe jak i kadrowe dopasowane do potrzeb Twojego przedsi\u0119biorstwa. Ksi\u0119gi rachunkowe prowadzimy zgodnie z polskimi standardami sprawozdawczo\u015bci (UoR\/KSR) jak i mi\u0119dzynarodowymi (MSSF\/MSR).&nbsp; Oferujemy kompleksowe us\u0142ugi ksi\u0119gowe wraz z&hellip;&nbsp;<a href=\"https:\/\/providesupport.pl\/?page_id=403\" rel=\"bookmark\">Dowiedz si\u0119 wi\u0119cej &raquo;<span class=\"screen-reader-text\">Us\u0142ugi ksi\u0119gowe<\/span><\/a><\/p>\n","protected":false},"author":1,"featured_media":0,"parent":0,"menu_order":0,"comment_status":"closed","ping_status":"closed","template":"elementor_header_footer","meta":{"neve_meta_sidebar":"","neve_meta_container":"","neve_meta_enable_content_width":"","neve_meta_content_width":0,"neve_meta_title_alignment":"","neve_meta_author_avatar":"","neve_post_elements_order":"","neve_meta_disable_header":"","neve_meta_disable_footer":"","neve_meta_disable_title":"","footnotes":""},"class_list":["post-403","page","type-page","status-publish","hentry"],"_links":{"self":[{"href":"https:\/\/providesupport.pl\/index.php?rest_route=\/wp\/v2\/pages\/403","targetHints":{"allow":["GET"]}}],"collection":[{"href":"https:\/\/providesupport.pl\/index.php?rest_route=\/wp\/v2\/pages"}],"about":[{"href":"https:\/\/providesupport.pl\/index.php?rest_route=\/wp\/v2\/types\/page"}],"author":[{"embeddable":true,"href":"https:\/\/providesupport.pl\/index.php?rest_route=\/wp\/v2\/users\/1"}],"replies":[{"embeddable":true,"href":"https:\/\/providesupport.pl\/index.php?rest_route=%2Fwp%2Fv2%2Fcomments&post=403"}],"version-history":[{"count":48,"href":"https:\/\/providesupport.pl\/index.php?rest_route=\/wp\/v2\/pages\/403\/revisions"}],"predecessor-version":[{"id":468,"href":"https:\/\/providesupport.pl\/index.php?rest_route=\/wp\/v2\/pages\/403\/revisions\/468"}],"wp:attachment":[{"href":"https:\/\/providesupport.pl\/index.php?rest_route=%2Fwp%2Fv2%2Fmedia&parent=403"}],"curies":[{"name":"wp","href":"https:\/\/api.w.org\/{rel}","templated":true}]}}